{"id":992,"date":"2024-10-16T22:54:46","date_gmt":"2024-10-16T20:54:46","guid":{"rendered":"https:\/\/criollosdelasrocas.fr\/criollos\/"},"modified":"2024-11-13T16:45:18","modified_gmt":"2024-11-13T15:45:18","slug":"criollos","status":"publish","type":"page","link":"https:\/\/criollosdelasrocas.fr\/es\/criollos\/","title":{"rendered":"\u00bfPor qu\u00e9 el caballo criollo?"},"content":{"rendered":"<div id='elevage-top'  class='avia-section av-l7eex-f00c58e5854cb1e558d29659489bad7c main_color avia-section-small avia-no-border-styling  avia-builder-el-0  el_before_av_section  avia-builder-el-first  avia-bg-style-scroll container_wrap fullsize'  ><div class='container av-section-cont-open' ><main  role=\"main\" itemprop=\"mainContentOfPage\"  class='template-page content  av-content-full alpha units'><div class='post-entry post-entry-type-page post-entry-992'><div class='entry-content-wrapper clearfix'>\n<div  class='flex_column av-gh6bt-062cb2d762bef6aa60049faa163a2169 av_three_fifth  avia-builder-el-1  el_before_av_three_fifth  avia-builder-el-first  image-non-parallaxe first flex_column_div  '     >\n<style type=\"text\/css\" data-created_by=\"avia_inline_auto\" id=\"style-css-av-m16jg5eb-8da048c8e62e6fb18cc372bc09110d59\">\n.avia-image-container.av-m16jg5eb-8da048c8e62e6fb18cc372bc09110d59 img.avia_image{\nbox-shadow:none;\n}\n.avia-image-container.av-m16jg5eb-8da048c8e62e6fb18cc372bc09110d59 .av-image-caption-overlay-center{\ncolor:#ffffff;\n}\n<\/style>\n<div  class='avia-image-container av-m16jg5eb-8da048c8e62e6fb18cc372bc09110d59 av-styling- avia-align-center  avia-builder-el-2  avia-builder-el-no-sibling '   itemprop=\"image\" itemscope=\"itemscope\" itemtype=\"https:\/\/schema.org\/ImageObject\" ><div class=\"avia-image-container-inner\"><div class=\"avia-image-overlay-wrap\"><img decoding=\"async\" class=\"avia_image \" src=\"https:\/\/criollosdelasrocas.fr\/wp-content\/uploads\/2024\/10\/DE-LAS-ROCAS-NAADAM-01-800x600.webp\" alt=\"\" title=\"DE-LAS-ROCAS-NAADAM-01\" height=\"600\" width=\"800\" itemprop=\"thumbnailUrl\"><\/div><\/div><\/div><\/div><div  class='flex_column av-a3h1d-f2cb030d2ae59a8e8984418219460868 av_three_fifth  avia-builder-el-3  el_after_av_three_fifth  el_before_av_one_full  image-parallaxe droite first flex_column_div av-parallax-object  ' data-parallax=\"{&quot;parallax&quot;:&quot;bottom_top&quot;,&quot;parallax_speed&quot;:&quot;16&quot;,&quot;av-desktop-parallax&quot;:&quot;inherit&quot;,&quot;av-desktop-parallax_speed&quot;:&quot;inherit&quot;,&quot;av-medium-parallax&quot;:&quot;inherit&quot;,&quot;av-medium-parallax_speed&quot;:&quot;inherit&quot;,&quot;av-small-parallax&quot;:&quot;inherit&quot;,&quot;av-small-parallax_speed&quot;:&quot;inherit&quot;,&quot;av-mini-parallax&quot;:&quot;inherit&quot;,&quot;av-mini-parallax_speed&quot;:&quot;inherit&quot;,&quot;parallax-container&quot;:&quot;.av-a3h1d-f2cb030d2ae59a8e8984418219460868&quot;}\"    >\n<style type=\"text\/css\" data-created_by=\"avia_inline_auto\" id=\"style-css-av-jn3je-32b30e1fb6f07d03c4d9f9afe783af67\">\n.avia-image-container.av-jn3je-32b30e1fb6f07d03c4d9f9afe783af67 img.avia_image{\nbox-shadow:none;\n}\n.avia-image-container.av-jn3je-32b30e1fb6f07d03c4d9f9afe783af67 .av-image-caption-overlay-center{\ncolor:#ffffff;\n}\n<\/style>\n<div  class='avia-image-container av-jn3je-32b30e1fb6f07d03c4d9f9afe783af67 av-styling- avia-align-center  avia-builder-el-4  avia-builder-el-no-sibling '   itemprop=\"image\" itemscope=\"itemscope\" itemtype=\"https:\/\/schema.org\/ImageObject\" ><div class=\"avia-image-container-inner\"><div class=\"avia-image-overlay-wrap\"><img decoding=\"async\" class=\"avia_image \" src=\"https:\/\/criollosdelasrocas.fr\/wp-content\/uploads\/2024\/10\/criollos-de-las-rocas-03-800x600.webp\" alt=\"\" title=\"criollos-de-las-rocas-03\" height=\"600\" width=\"800\" itemprop=\"thumbnailUrl\"><\/div><\/div><\/div><\/div><div  class='flex_column av-h547l-55115f2f11ede3d60d6d62f4680dcda3 av_one_full  avia-builder-el-5  el_after_av_three_fifth  el_before_av_two_third  first flex_column_div  '     ><p>\n<style type=\"text\/css\" data-created_by=\"avia_inline_auto\" id=\"style-css-av-m16karau-612cc82c3d070845ea00418f2489bcd5\">\n#top .hr.hr-invisible.av-m16karau-612cc82c3d070845ea00418f2489bcd5{\nheight:50px;\n}\n<\/style>\n<div  class='hr av-m16karau-612cc82c3d070845ea00418f2489bcd5 hr-invisible  avia-builder-el-6  el_before_av_hr  avia-builder-el-first  av-desktop-hide av-medium-hide'><span class='hr-inner '><span class=\"hr-inner-style\"><\/span><\/span><\/div><br \/>\n\n<style type=\"text\/css\" data-created_by=\"avia_inline_auto\" id=\"style-css-av-6pcfl-70245f6a3196057adc243f42c7a11eb8\">\n#top .hr.hr-invisible.av-6pcfl-70245f6a3196057adc243f42c7a11eb8{\nheight:150px;\n}\n<\/style>\n<div  class='hr av-6pcfl-70245f6a3196057adc243f42c7a11eb8 hr-invisible  avia-builder-el-7  el_after_av_hr  el_before_av_hr  av-desktop-hide av-small-hide av-mini-hide'><span class='hr-inner '><span class=\"hr-inner-style\"><\/span><\/span><\/div><br \/>\n\n<style type=\"text\/css\" data-created_by=\"avia_inline_auto\" id=\"style-css-av-m18453ds-e7b6b01031c4a115abdb2c6528a5f1fc\">\n#top .hr.hr-invisible.av-m18453ds-e7b6b01031c4a115abdb2c6528a5f1fc{\nheight:200px;\n}\n<\/style>\n<div  class='hr av-m18453ds-e7b6b01031c4a115abdb2c6528a5f1fc hr-invisible  avia-builder-el-8  el_after_av_hr  avia-builder-el-last  av-medium-hide av-small-hide av-mini-hide'><span class='hr-inner '><span class=\"hr-inner-style\"><\/span><\/span><\/div><\/p><\/div><div  class='flex_column av-dvijm-1f4bd91ff5edc0a32466d86b42bdf135 av_two_third  avia-builder-el-9  el_after_av_one_full  el_before_av_one_third  first flex_column_div  column-top-margin'     ><section  class='av_textblock_section av-m1am1he9-057a1fdabcd595cd8cdb92c5afbc58ab '   itemscope=\"itemscope\" itemtype=\"https:\/\/schema.org\/CreativeWork\" ><div class='avia_textblock'  itemprop=\"text\" ><p><em>El caballo criollo tiene una larga historia. Descendiente del caballo andaluz del siglo XV, se adapt\u00f3 a las dif\u00edciles condiciones de vida del nuevo continente, con cuya historia est\u00e1 estrechamente vinculado.<\/em><\/p>\n<p><em>Es un caballo de trabajo, potente y d\u00f3cil, vivaz y tranquilo. Decid\u00ed criar esta raza de caballos por mi amor hacia Am\u00e9rica del Sur, su historia, su geograf\u00eda y su cultura ecuestre.<\/em><\/p>\n<p><em>El caballo criollo es a\u00fan poco conocido en Francia, donde la cultura norteamericana y el cuarto de milla son hegem\u00f3nicos. Sin embargo, no tiene nada que envidiarles. Se destaca en el trabajo ganadero, es un caballo extraordinario para exteriores y no presenta enfermedades gen\u00e9ticas.<\/em><\/p>\n<p><em>El porte del criollo (tama\u00f1o ideal 1,44 m, cabeza corta y ancha, cuello de longitud media ligeramente convexo en su l\u00ednea superior, cruz musculosa y poco prominente, espalda bien proporcionada, lomo corto y ancho, grupa y pecho amplios y musculosos, etc.) lo convierte en un caballo de montar armonioso, musculoso y con un centro de gravedad bajo. Presenta una gran variedad de pelajes, algunos de ellos muy ex\u00f3ticos. Tambi\u00e9n es com\u00fan que tenga rayas en las extremidades y una raya de mulo en el lomo, caracter\u00edsticas de razas muy antiguas.<\/em><\/p>\n<\/div><\/section><\/div><div  class='flex_column av-aip0a-f651239f87c5412c84ad213a70db786a av_one_third  avia-builder-el-11  el_after_av_two_third  el_before_av_hr  images-supperposees flex_column_div av-parallax-object  column-top-margin' data-parallax=\"{&quot;parallax&quot;:&quot;no_parallax&quot;,&quot;parallax_speed&quot;:&quot;no_parallax&quot;,&quot;av-desktop-parallax&quot;:&quot;bottom_top&quot;,&quot;av-desktop-parallax_speed&quot;:&quot;10&quot;,&quot;av-medium-parallax&quot;:&quot;bottom_top&quot;,&quot;av-medium-parallax_speed&quot;:&quot;10&quot;,&quot;av-small-parallax&quot;:&quot;inherit&quot;,&quot;av-small-parallax_speed&quot;:&quot;inherit&quot;,&quot;av-mini-parallax&quot;:&quot;inherit&quot;,&quot;av-mini-parallax_speed&quot;:&quot;inherit&quot;,&quot;parallax-container&quot;:&quot;.av-aip0a-f651239f87c5412c84ad213a70db786a&quot;}\"    ><p>\n<style type=\"text\/css\" data-created_by=\"avia_inline_auto\" id=\"style-css-av-m16jmjf6-e9d3327e0794a96ac48638d962d13662\">\n.avia-image-container.av-m16jmjf6-e9d3327e0794a96ac48638d962d13662 img.avia_image{\nbox-shadow:none;\n}\n.avia-image-container.av-m16jmjf6-e9d3327e0794a96ac48638d962d13662 .av-image-caption-overlay-center{\ncolor:#ffffff;\n}\n<\/style>\n<div  class='avia-image-container av-m16jmjf6-e9d3327e0794a96ac48638d962d13662 av-styling- avia_animated_image av-animated-when-visible-95 bottom-to-top avia-align-center  avia-builder-el-12  el_before_av_image  avia-builder-el-first '   itemprop=\"image\" itemscope=\"itemscope\" itemtype=\"https:\/\/schema.org\/ImageObject\" ><div class=\"avia-image-container-inner\"><div class=\"avia-image-overlay-wrap\"><img decoding=\"async\" class=\"avia_image \" src=\"https:\/\/criollosdelasrocas.fr\/wp-content\/uploads\/2024\/10\/criollos-01-400x300.webp\" alt=\"\" title=\"criollos-01\" height=\"300\" width=\"400\" itemprop=\"thumbnailUrl\"><\/div><\/div><\/div><br \/>\n\n<style type=\"text\/css\" data-created_by=\"avia_inline_auto\" id=\"style-css-av-m2w0b3l8-49ee6f988ee9b85686039cdaec7cb610\">\n.avia-image-container.av-m2w0b3l8-49ee6f988ee9b85686039cdaec7cb610 img.avia_image{\nbox-shadow:none;\n}\n.avia-image-container.av-m2w0b3l8-49ee6f988ee9b85686039cdaec7cb610 .av-image-caption-overlay-center{\ncolor:#ffffff;\n}\n<\/style>\n<div  class='avia-image-container av-m2w0b3l8-49ee6f988ee9b85686039cdaec7cb610 av-styling- avia_animated_image av-animated-when-visible-95 bottom-to-top avia-align-center  avia-builder-el-13  el_after_av_image  avia-builder-el-last '   itemprop=\"image\" itemscope=\"itemscope\" itemtype=\"https:\/\/schema.org\/ImageObject\" ><div class=\"avia-image-container-inner\"><div class=\"avia-image-overlay-wrap\"><img decoding=\"async\" class=\"avia_image \" src=\"https:\/\/criollosdelasrocas.fr\/wp-content\/uploads\/2024\/10\/criollos-de-las-rocas-11-400x300.webp\" alt=\"\" title=\"criollos-de-las-rocas-11\" height=\"300\" width=\"400\" itemprop=\"thumbnailUrl\"><\/div><\/div><\/div><\/p><\/div>\n<style type=\"text\/css\" data-created_by=\"avia_inline_auto\" id=\"style-css-av-m1amuvza-cf228a2a058f0b5e721c1b887a72803f\">\n#top .hr.hr-invisible.av-m1amuvza-cf228a2a058f0b5e721c1b887a72803f{\nheight:100px;\n}\n<\/style>\n<div  class='hr av-m1amuvza-cf228a2a058f0b5e721c1b887a72803f hr-invisible  avia-builder-el-14  el_after_av_one_third  el_before_av_one_third  av-small-hide av-mini-hide'><span class='hr-inner '><span class=\"hr-inner-style\"><\/span><\/span><\/div>\n<div class='av-column-wrapper-individual av-mobile-columns-flex av-columns-reverse'><div  class='flex_column av-cmoci-c4722cf1588bba1494be90215d3df039 av_one_third  avia-builder-el-15  el_after_av_hr  el_before_av_two_third  images-supperposees first flex_column_div av-parallax-object  ' data-parallax=\"{&quot;parallax&quot;:&quot;no_parallax&quot;,&quot;parallax_speed&quot;:&quot;no_parallax&quot;,&quot;av-desktop-parallax&quot;:&quot;bottom_top&quot;,&quot;av-desktop-parallax_speed&quot;:&quot;10&quot;,&quot;av-medium-parallax&quot;:&quot;bottom_top&quot;,&quot;av-medium-parallax_speed&quot;:&quot;10&quot;,&quot;av-small-parallax&quot;:&quot;inherit&quot;,&quot;av-small-parallax_speed&quot;:&quot;inherit&quot;,&quot;av-mini-parallax&quot;:&quot;inherit&quot;,&quot;av-mini-parallax_speed&quot;:&quot;inherit&quot;,&quot;parallax-container&quot;:&quot;.av-cmoci-c4722cf1588bba1494be90215d3df039&quot;}\"    >\n<style type=\"text\/css\" data-created_by=\"avia_inline_auto\" id=\"style-css-av-m1am5vve-f8b38803cffbe02c8fe92038a11b79d5\">\n.avia-image-container.av-m1am5vve-f8b38803cffbe02c8fe92038a11b79d5 img.avia_image{\nbox-shadow:none;\n}\n.avia-image-container.av-m1am5vve-f8b38803cffbe02c8fe92038a11b79d5 .av-image-caption-overlay-center{\ncolor:#ffffff;\n}\n<\/style>\n<div  class='avia-image-container av-m1am5vve-f8b38803cffbe02c8fe92038a11b79d5 av-styling- avia_animated_image av-animated-when-visible-95 bottom-to-top avia-align-center  avia-builder-el-16  avia-builder-el-no-sibling '   itemprop=\"image\" itemscope=\"itemscope\" itemtype=\"https:\/\/schema.org\/ImageObject\" ><div class=\"avia-image-container-inner\"><div class=\"avia-image-overlay-wrap\"><img decoding=\"async\" class=\"avia_image \" src=\"https:\/\/criollosdelasrocas.fr\/wp-content\/uploads\/2024\/10\/criollos-de-las-rocas-08-400x300.webp\" alt=\"\" title=\"criollos-de-las-rocas-08\" height=\"300\" width=\"400\" itemprop=\"thumbnailUrl\"><\/div><\/div><\/div><\/div><div  class='flex_column av-8h08a-2a94ebe73ea6a029f4f16a4fb0dcf54c av_two_third  avia-builder-el-17  el_after_av_one_third  avia-builder-el-last  flex_column_div  '     ><p><section  class='av_textblock_section av-m1am8sge-acfdb8ea07020c5e19fed6ba3bce802c '   itemscope=\"itemscope\" itemtype=\"https:\/\/schema.org\/CreativeWork\" ><div class='avia_textblock'  itemprop=\"text\" ><p>\u00bfQuieres saber m\u00e1s o probar un caballo criollo?<\/p>\n<p>\u00a1Ven a visitarme!<\/p>\n<\/div><\/section><br \/>\n<section  class='av_textblock_section av-m1am8w39-7b8b3534dd59d813d3d1ae13e7d8896b '   itemscope=\"itemscope\" itemtype=\"https:\/\/schema.org\/CreativeWork\" ><div class='avia_textblock legende'  itemprop=\"text\" ><p class=\"p1\" style=\"text-align: right;\">Cont\u00e1ctenos&nbsp;: <a href=\"tel:+33613174975\">06 13 17 49 75<\/a><br \/>\no\u00a0<a class=\"mail-link\" data-enc-email=\"pbagnpg&#091;at&#093;pevbyybfqrynfebpnf.se\" data-wpel-link=\"ignore\"><span id=\"eeb-257133-389046\"><span id=\"eeb-273241-456123\">contact@criollosdelasrocas.fr<\/span><\/span><\/a><br \/>\nInstragram&nbsp;: <a href=\"https:\/\/www.instagram.com\/criollosdelasrocas\" target=\"_blank\" rel=\"noopener nofollow\">criollosdelasrocas<\/a><\/p>\n<\/div><\/section><\/p><\/div><\/div>\n<!--close flex column wrapper. Autoclose: 1 -->\n<\/div><\/div><\/main>\n<!-- close content main element -->\n<\/div><\/div><div id='elevage'  class='avia-section av-2gjcy3-2eec88d4dc4a468340418d20b88177c2 main_color avia-section-default avia-no-border-styling  avia-builder-el-20  el_after_av_section  el_before_av_section  avia-bg-style-scroll container_wrap fullsize'  ><div class='container av-section-cont-open' ><div class='template-page content  av-content-full alpha units'><div class='post-entry post-entry-type-page post-entry-992'><div class='entry-content-wrapper clearfix'>\n\n<style type=\"text\/css\" data-created_by=\"avia_inline_auto\" id=\"style-css-av-85hxn-f342d58b40aa76b6218fdb698345be9d\">\n#top .hr.hr-invisible.av-85hxn-f342d58b40aa76b6218fdb698345be9d{\nheight:50px;\n}\n<\/style>\n<div  class='hr av-85hxn-f342d58b40aa76b6218fdb698345be9d hr-invisible  avia-builder-el-21  el_before_av_one_third  avia-builder-el-first  av-small-hide av-mini-hide'><span class='hr-inner '><span class=\"hr-inner-style\"><\/span><\/span><\/div>\n\n<style type=\"text\/css\" data-created_by=\"avia_inline_auto\" id=\"style-css-av-qfqj-c44fc971e15869bf2b0013aa580b12d2\">\n.flex_column.av-qfqj-c44fc971e15869bf2b0013aa580b12d2{\nwidth:28%;\n}\n<\/style>\n<div  class='flex_column av-qfqj-c44fc971e15869bf2b0013aa580b12d2 av_one_third  avia-builder-el-22  el_after_av_hr  el_before_av_two_third  bloc-texte first flex_column_div  '     ><p><section  class='av_textblock_section av-6o1jv-f08b043003530fd0f899a387ee93cae6 '   itemscope=\"itemscope\" itemtype=\"https:\/\/schema.org\/CreativeWork\" ><div class='avia_textblock big-text'  itemprop=\"text\" ><p>Los caballos siempre han estado all\u00ed, alrededor de la casa, al pie de las rocas que dominan el r\u00edo Iton. De las \u00c9curies des Roches naci\u00f3 la cr\u00eda \u00abCriollos de las Rocas.\u00bb<\/p>\n<\/div><\/section><br \/>\n\n<style type=\"text\/css\" data-created_by=\"avia_inline_auto\" id=\"style-css-av-1tdiff-4a52e85f21e0c5bd55fc50d4acf87a03\">\n#top .av_textblock_section.av-1tdiff-4a52e85f21e0c5bd55fc50d4acf87a03 .avia_textblock{\ntext-align:right;\n}\n<\/style>\n<section  class='av_textblock_section av-1tdiff-4a52e85f21e0c5bd55fc50d4acf87a03 '   itemscope=\"itemscope\" itemtype=\"https:\/\/schema.org\/CreativeWork\" ><div class='avia_textblock lien-texte'  itemprop=\"text\" ><p><a href=\"https:\/\/criollosdelasrocas.fr\/es\/criadero\/\">Nuestro criadero<\/a><\/p>\n<\/div><\/section><\/p><\/div>\n<style type=\"text\/css\" data-created_by=\"avia_inline_auto\" id=\"style-css-av-1myi2j-605a43fa64f129d85847edddc2373706\">\n.flex_column.av-1myi2j-605a43fa64f129d85847edddc2373706{\nwidth:64%;\nmargin-left:8%;\n}\n<\/style>\n<div  class='flex_column av-1myi2j-605a43fa64f129d85847edddc2373706 av_two_third  avia-builder-el-25  el_after_av_one_third  avia-builder-el-last  image-parallaxe droite flex_column_div av-parallax-object  ' data-parallax=\"{&quot;parallax&quot;:&quot;bottom_top&quot;,&quot;parallax_speed&quot;:&quot;-12&quot;,&quot;av-desktop-parallax&quot;:&quot;inherit&quot;,&quot;av-desktop-parallax_speed&quot;:&quot;inherit&quot;,&quot;av-medium-parallax&quot;:&quot;inherit&quot;,&quot;av-medium-parallax_speed&quot;:&quot;inherit&quot;,&quot;av-small-parallax&quot;:&quot;inherit&quot;,&quot;av-small-parallax_speed&quot;:&quot;inherit&quot;,&quot;av-mini-parallax&quot;:&quot;inherit&quot;,&quot;av-mini-parallax_speed&quot;:&quot;inherit&quot;,&quot;parallax-container&quot;:&quot;.av-1myi2j-605a43fa64f129d85847edddc2373706&quot;}\"    ><p>\n<style type=\"text\/css\" data-created_by=\"avia_inline_auto\" id=\"style-css-av-1fm2s3-0365731816b14309d47f88aea8a82d46\">\n#top .hr.hr-invisible.av-1fm2s3-0365731816b14309d47f88aea8a82d46{\nmargin-top:-100px;\nheight:1px;\n}\n<\/style>\n<div  class='hr av-1fm2s3-0365731816b14309d47f88aea8a82d46 hr-invisible  avia-builder-el-26  el_before_av_image  avia-builder-el-first '><span class='hr-inner '><span class=\"hr-inner-style\"><\/span><\/span><\/div><br \/>\n\n<style type=\"text\/css\" data-created_by=\"avia_inline_auto\" id=\"style-css-av-m2cde5j0-a69ba7d73b8f996165ac10d48df45952\">\n.avia-image-container.av-m2cde5j0-a69ba7d73b8f996165ac10d48df45952 img.avia_image{\nbox-shadow:none;\n}\n.avia-image-container.av-m2cde5j0-a69ba7d73b8f996165ac10d48df45952 .av-image-caption-overlay-center{\ncolor:#ffffff;\n}\n<\/style>\n<div  class='avia-image-container av-m2cde5j0-a69ba7d73b8f996165ac10d48df45952 av-styling- avia-align-center  avia-builder-el-27  el_after_av_hr  avia-builder-el-last '   itemprop=\"image\" itemscope=\"itemscope\" itemtype=\"https:\/\/schema.org\/ImageObject\" ><div class=\"avia-image-container-inner\"><div class=\"avia-image-overlay-wrap\"><img decoding=\"async\" class=\"avia_image \" src=\"https:\/\/criollosdelasrocas.fr\/wp-content\/uploads\/2024\/10\/criollos-03-800x579.webp\" alt=\"\" title=\"criollos-03\" height=\"579\" width=\"800\" itemprop=\"thumbnailUrl\"><\/div><\/div><\/div><\/p><\/div><\/div><\/div><\/div>\n<!-- close content main div -->\n<\/div><\/div>\n<style type=\"text\/css\" data-created_by=\"avia_inline_auto\" id=\"style-css-av-m2cddmrt-bf0da32ec63ad87840727c4bb9cda077\">\n.avia-section.av-m2cddmrt-bf0da32ec63ad87840727c4bb9cda077 .av-parallax .av-parallax-inner{\nbackground-repeat:no-repeat;\nbackground-image:url(https:\/\/criollosdelasrocas.fr\/wp-content\/uploads\/2024\/10\/carte-amerique-sud-new-1500x921.webp);\nbackground-position:50% 50%;\nbackground-attachment:scroll;\n}\n<\/style>\n<div id='av_section_3'  class='avia-section av-m2cddmrt-bf0da32ec63ad87840727c4bb9cda077 main_color avia-section-default avia-no-border-styling  avia-builder-el-28  el_after_av_section  el_before_av_section  avia-full-stretch av-parallax-section avia-bg-style-parallax av-minimum-height av-minimum-height-60 av-height-percent  container_wrap fullsize'  data-section-bg-repeat='stretch' data-av_minimum_height_pc='60' data-av_min_height_opt='percent'><div class='av-parallax' data-avia-parallax-ratio='0.3' ><div class='av-parallax-inner main_color avia-full-stretch'><\/div><\/div><div class='container av-section-cont-open' ><div class='template-page content  av-content-full alpha units'><div class='post-entry post-entry-type-page post-entry-992'><div class='entry-content-wrapper clearfix'><\/p>\n<\/div><\/div><\/div>\n<!-- close content main div -->\n<\/div><\/div><div id='contact'  class='avia-section av-19fjz7-99555b9befa045976f84ea251f2647b2 main_color avia-section-small avia-no-border-styling  avia-builder-el-29  el_after_av_section  avia-builder-el-last  avia-bg-style-scroll container_wrap fullsize'  ><div class='container av-section-cont-open' ><div class='template-page content  av-content-full alpha units'><div class='post-entry post-entry-type-page post-entry-992'><div class='entry-content-wrapper clearfix'>\n<div class='flex_column_table av-13h2iz-f8702f58f4a13d6ef9eb8083bdce714c sc-av_two_fifth av-equal-height-column-flextable'>\n<style type=\"text\/css\" data-created_by=\"avia_inline_auto\" id=\"style-css-av-13h2iz-f8702f58f4a13d6ef9eb8083bdce714c\">\n#top .flex_column_table.av-equal-height-column-flextable.av-13h2iz-f8702f58f4a13d6ef9eb8083bdce714c{\nmargin-top:0px;\nmargin-bottom:0px;\n}\n<\/style>\n<div  class='flex_column av-13h2iz-f8702f58f4a13d6ef9eb8083bdce714c av_two_fifth  avia-builder-el-30  el_before_av_one_fifth  avia-builder-el-first  first no_margin flex_column_table_cell av-equal-height-column av-align-middle  '     ><section  class='av_textblock_section av-357yr-0110f40eabab69c0a8f14b053c715e36 '   itemscope=\"itemscope\" itemtype=\"https:\/\/schema.org\/CreativeWork\" ><div class='avia_textblock'  itemprop=\"text\" ><p>Criollos <em>de las rocas<\/em><br \/>\n56 rue Saint-Fiacre, Brosville<\/p>\n<\/div><\/section><\/div>\n<style type=\"text\/css\" data-created_by=\"avia_inline_auto\" id=\"style-css-av-p1qjf-b9361e56bdf5f6bdc567a05adf4386fb\">\n#top .flex_column_table.av-equal-height-column-flextable.av-p1qjf-b9361e56bdf5f6bdc567a05adf4386fb{\nmargin-top:0px;\nmargin-bottom:0px;\n}\n<\/style>\n<div  class='flex_column av-p1qjf-b9361e56bdf5f6bdc567a05adf4386fb av_one_fifth  avia-builder-el-32  el_after_av_two_fifth  el_before_av_two_fifth  no_margin flex_column_table_cell av-equal-height-column av-align-middle  '     ><section  class='av_textblock_section av-n7bc3-c6cdcb28f6c946a2d313960c34ea0e50 '   itemscope=\"itemscope\" itemtype=\"https:\/\/schema.org\/CreativeWork\" ><div class='avia_textblock'  itemprop=\"text\" ><p style=\"text-align: center;\"><img decoding=\"async\" class=\"alignnone size-full wp-image-252\" src=\"https:\/\/criollosdelasrocas.fr\/wp-content\/uploads\/2024\/09\/criollos-de-las-rocas-blason.svg\" alt=\"\" width=\"42\" height=\"41\"><\/p>\n<\/div><\/section><\/div>\n<style type=\"text\/css\" data-created_by=\"avia_inline_auto\" id=\"style-css-av-g2h6z-626bead4bc3d139bb6e5c80d9a3f1130\">\n#top .flex_column_table.av-equal-height-column-flextable.av-g2h6z-626bead4bc3d139bb6e5c80d9a3f1130{\nmargin-top:0px;\nmargin-bottom:0px;\n}\n<\/style>\n<div  class='flex_column av-g2h6z-626bead4bc3d139bb6e5c80d9a3f1130 av_two_fifth  avia-builder-el-34  el_after_av_one_fifth  avia-builder-el-last  no_margin flex_column_table_cell av-equal-height-column av-align-middle  '     ><section  class='av_textblock_section av-bq18z-a0c8ade8fd7b9c39cbd21e26410ca1e1 '   itemscope=\"itemscope\" itemtype=\"https:\/\/schema.org\/CreativeWork\" ><div class='avia_textblock'  itemprop=\"text\" ><p class=\"p1\" style=\"text-align: right;\"><span style=\"text-decoration: underline;\">Cont\u00e1ctenos&nbsp;:<\/span> <a href=\"tel:+33613174975\">06 13 17 49 75<\/a><br \/>\no <a class=\"mail-link\" data-enc-email=\"pbagnpg&#091;at&#093;pevbyybfqrynfebpnf.se\" data-wpel-link=\"ignore\"><span id=\"eeb-257133-389046\">contact@criollosdelasrocas.fr<\/span><\/a><br \/>\nInstragram&nbsp;: <a href=\"https:\/\/www.instagram.com\/criollosdelasrocas\" target=\"_blank\" rel=\"noopener nofollow\">criollosdelasrocas<\/a><\/p>\n<\/div><\/section><\/div><\/div>\n<!--close column table wrapper. Autoclose: 1 -->","protected":false},"excerpt":{"rendered":"","protected":false},"author":1,"featured_media":0,"parent":0,"menu_order":0,"comment_status":"open","ping_status":"closed","template":"","meta":{"_acf_changed":false,"footnotes":""},"class_list":["post-992","page","type-page","status-publish","hentry"],"acf":[],"_links":{"self":[{"href":"https:\/\/criollosdelasrocas.fr\/es\/wp-json\/wp\/v2\/pages\/992","targetHints":{"allow":["GET"]}}],"collection":[{"href":"https:\/\/criollosdelasrocas.fr\/es\/wp-json\/wp\/v2\/pages"}],"about":[{"href":"https:\/\/criollosdelasrocas.fr\/es\/wp-json\/wp\/v2\/types\/page"}],"author":[{"embeddable":true,"href":"https:\/\/criollosdelasrocas.fr\/es\/wp-json\/wp\/v2\/users\/1"}],"replies":[{"embeddable":true,"href":"https:\/\/criollosdelasrocas.fr\/es\/wp-json\/wp\/v2\/comments?post=992"}],"version-history":[{"count":6,"href":"https:\/\/criollosdelasrocas.fr\/es\/wp-json\/wp\/v2\/pages\/992\/revisions"}],"predecessor-version":[{"id":1207,"href":"https:\/\/criollosdelasrocas.fr\/es\/wp-json\/wp\/v2\/pages\/992\/revisions\/1207"}],"wp:attachment":[{"href":"https:\/\/criollosdelasrocas.fr\/es\/wp-json\/wp\/v2\/media?parent=992"}],"curies":[{"name":"wp","href":"https:\/\/api.w.org\/{rel}","templated":true}]}}