{"id":1087,"date":"2024-09-20T12:57:20","date_gmt":"2024-09-20T10:57:20","guid":{"rendered":"https:\/\/criollosdelasrocas.fr\/breeding\/"},"modified":"2025-10-06T16:20:56","modified_gmt":"2025-10-06T14:20:56","slug":"criadero","status":"publish","type":"page","link":"https:\/\/criollosdelasrocas.fr\/es\/criadero\/","title":{"rendered":"Nuestro criadero"},"content":{"rendered":"<div id='elevage-top'  class='avia-section av-l7eex-f00c58e5854cb1e558d29659489bad7c main_color avia-section-small avia-no-border-styling  avia-builder-el-0  avia-builder-el-no-sibling  avia-bg-style-scroll container_wrap fullsize'  ><div class='container av-section-cont-open' ><main  role=\"main\" itemprop=\"mainContentOfPage\"  class='template-page content  av-content-full alpha units'><div class='post-entry post-entry-type-page post-entry-1087'><div class='entry-content-wrapper clearfix'>\n<div  class='flex_column av-gh6bt-062cb2d762bef6aa60049faa163a2169 av_three_fifth  avia-builder-el-1  el_before_av_three_fifth  avia-builder-el-first  image-non-parallaxe first flex_column_div  '     >\n<style type=\"text\/css\" data-created_by=\"avia_inline_auto\" id=\"style-css-av-jn3je-352c2cc2f84d6f9ee4056c146cb14cd8\">\n.avia-image-container.av-jn3je-352c2cc2f84d6f9ee4056c146cb14cd8 img.avia_image{\nbox-shadow:none;\n}\n.avia-image-container.av-jn3je-352c2cc2f84d6f9ee4056c146cb14cd8 .av-image-caption-overlay-center{\ncolor:#ffffff;\n}\n<\/style>\n<div  class='avia-image-container av-jn3je-352c2cc2f84d6f9ee4056c146cb14cd8 av-styling- avia-align-center  avia-builder-el-2  avia-builder-el-no-sibling '   itemprop=\"image\" itemscope=\"itemscope\" itemtype=\"https:\/\/schema.org\/ImageObject\" ><div class=\"avia-image-container-inner\"><div class=\"avia-image-overlay-wrap\"><img decoding=\"async\" class=\"avia_image \" src=\"https:\/\/criollosdelasrocas.fr\/wp-content\/uploads\/2024\/10\/criollos-de-las-rocas-00-800x600.webp\" alt=\"\" title=\"criollos-de-las-rocas-00\" height=\"600\" width=\"800\" itemprop=\"thumbnailUrl\"><\/div><\/div><\/div><\/div><div  class='flex_column av-a3h1d-f2cb030d2ae59a8e8984418219460868 av_three_fifth  avia-builder-el-3  el_after_av_three_fifth  el_before_av_one_full  image-parallaxe droite first flex_column_div av-parallax-object  ' data-parallax=\"{&quot;parallax&quot;:&quot;bottom_top&quot;,&quot;parallax_speed&quot;:&quot;16&quot;,&quot;av-desktop-parallax&quot;:&quot;inherit&quot;,&quot;av-desktop-parallax_speed&quot;:&quot;inherit&quot;,&quot;av-medium-parallax&quot;:&quot;inherit&quot;,&quot;av-medium-parallax_speed&quot;:&quot;inherit&quot;,&quot;av-small-parallax&quot;:&quot;inherit&quot;,&quot;av-small-parallax_speed&quot;:&quot;inherit&quot;,&quot;av-mini-parallax&quot;:&quot;inherit&quot;,&quot;av-mini-parallax_speed&quot;:&quot;inherit&quot;,&quot;parallax-container&quot;:&quot;.av-a3h1d-f2cb030d2ae59a8e8984418219460868&quot;}\"    >\n<style type=\"text\/css\" data-created_by=\"avia_inline_auto\" id=\"style-css-av-m16jg5eb-6b2f59042c6f255f1a47ed8cd29b2b25\">\n.avia-image-container.av-m16jg5eb-6b2f59042c6f255f1a47ed8cd29b2b25 img.avia_image{\nbox-shadow:none;\n}\n.avia-image-container.av-m16jg5eb-6b2f59042c6f255f1a47ed8cd29b2b25 .av-image-caption-overlay-center{\ncolor:#ffffff;\n}\n<\/style>\n<div  class='avia-image-container av-m16jg5eb-6b2f59042c6f255f1a47ed8cd29b2b25 av-styling- avia-align-center  avia-builder-el-4  avia-builder-el-no-sibling '   itemprop=\"image\" itemscope=\"itemscope\" itemtype=\"https:\/\/schema.org\/ImageObject\" ><div class=\"avia-image-container-inner\"><div class=\"avia-image-overlay-wrap\"><img decoding=\"async\" class=\"avia_image \" src=\"https:\/\/criollosdelasrocas.fr\/wp-content\/uploads\/2024\/10\/criollos-de-las-rocas-05-800x600.webp\" alt=\"\" title=\"criollos-de-las-rocas-05\" height=\"600\" width=\"800\" itemprop=\"thumbnailUrl\"><\/div><\/div><\/div><\/div><div  class='flex_column av-h547l-225d0f182dc0d0c523201ebf500ca67e av_one_full  avia-builder-el-5  el_after_av_three_fifth  el_before_av_two_third  first flex_column_div  '     ><p>\n<style type=\"text\/css\" data-created_by=\"avia_inline_auto\" id=\"style-css-av-m16karau-612cc82c3d070845ea00418f2489bcd5\">\n#top .hr.hr-invisible.av-m16karau-612cc82c3d070845ea00418f2489bcd5{\nheight:50px;\n}\n<\/style>\n<div  class='hr av-m16karau-612cc82c3d070845ea00418f2489bcd5 hr-invisible  avia-builder-el-6  el_before_av_hr  avia-builder-el-first  av-desktop-hide av-medium-hide'><span class='hr-inner '><span class=\"hr-inner-style\"><\/span><\/span><\/div><br \/>\n\n<style type=\"text\/css\" data-created_by=\"avia_inline_auto\" id=\"style-css-av-6pcfl-70245f6a3196057adc243f42c7a11eb8\">\n#top .hr.hr-invisible.av-6pcfl-70245f6a3196057adc243f42c7a11eb8{\nheight:150px;\n}\n<\/style>\n<div  class='hr av-6pcfl-70245f6a3196057adc243f42c7a11eb8 hr-invisible  avia-builder-el-7  el_after_av_hr  el_before_av_hr  av-desktop-hide av-small-hide av-mini-hide'><span class='hr-inner '><span class=\"hr-inner-style\"><\/span><\/span><\/div><br \/>\n\n<style type=\"text\/css\" data-created_by=\"avia_inline_auto\" id=\"style-css-av-m18453ds-e7b6b01031c4a115abdb2c6528a5f1fc\">\n#top .hr.hr-invisible.av-m18453ds-e7b6b01031c4a115abdb2c6528a5f1fc{\nheight:200px;\n}\n<\/style>\n<div  class='hr av-m18453ds-e7b6b01031c4a115abdb2c6528a5f1fc hr-invisible  avia-builder-el-8  el_after_av_hr  avia-builder-el-last  av-medium-hide av-small-hide av-mini-hide'><span class='hr-inner '><span class=\"hr-inner-style\"><\/span><\/span><\/div><\/p><\/div><div  class='flex_column av-dvijm-1f4bd91ff5edc0a32466d86b42bdf135 av_two_third  avia-builder-el-9  el_after_av_one_full  el_before_av_one_third  first flex_column_div  column-top-margin'     ><section  class='av_textblock_section av-m1am1he9-057a1fdabcd595cd8cdb92c5afbc58ab '   itemscope=\"itemscope\" itemtype=\"https:\/\/schema.org\/CreativeWork\" ><div class='avia_textblock'  itemprop=\"text\" ><div>\n<div>\n<p>Mi familia cr\u00eda caballos desde hace tres generaciones en Brosville, un pueblo normando enclavado en el valle del Iton, a unos cien kil\u00f3metros al oeste de Par\u00eds.<\/p>\n<p>Mi abuelo construy\u00f3 las cuadras y compr\u00f3 nuestras primeras yeguas, en aquel entonces yeguas de Silla Franc\u00e9s.<\/p>\n<p>Desde entonces, los caballos siempre han estado all\u00ed, alrededor de la casa, al pie de las rocas que dominan el Iton.<\/p>\n<p>Despu\u00e9s de varios viajes a Am\u00e9rica Latina, decidimos criar caballos criollos, y de las \u00c9curies des Roches naci\u00f3 la ganader\u00eda \u201cCriollos de las Rocas\u201d.<\/p>\n<p>Hasta hoy, la manada est\u00e1 compuesta por unas ocho yeguas criollas importadas de Argentina y por el padrillo YANCA HALC\u00d3N, Gran Campe\u00f3n de la Exposici\u00f3n de Oto\u00f1o 2022 de Buenos Aires.<\/p>\n<p>Hemos optado por ir a buscar yeguas y un padrillo premiado en Argentina, con el objetivo de traer a Francia \u201csangre nueva\u201d y as\u00ed evitar la consanguinidad: nuestra ganader\u00eda no desciende de otra francesa (en versi\u00f3n menor).<\/p>\n<p>Elegimos buenas yeguas tanto por su conformaci\u00f3n como por su gen\u00e9tica. Fue una inversi\u00f3n importante, a la que se sum\u00f3 el costo del transporte a\u00e9reo. Pero estamos convencidos de que vali\u00f3 la pena: \u00a1los Criollos de las Rocas son \u00fanicos en Francia!<\/p>\n<p>Nuestros caballos nacen y viven en manada, en grandes praderas, tanto en verano como en invierno. Los potros j\u00f3venes, durante los primeros meses de su vida, son educados por su madre, por supuesto, pero tambi\u00e9n por las dem\u00e1s yeguas de la manada.<\/p>\n<p>Todos est\u00e1n inscritos en los registros de la Sociedad Rural Argentina, por lo que son de pura raza y con papeles completos, aptos para reproducirse como criollos.<\/p>\n<p>El adiestramiento inicial de los potros comienza a los dos a\u00f1os y medio y se realiza de manera etol\u00f3gica. Damos mucha importancia a esta fase de aprendizaje, que determina su futuro. Se trata de construir los cimientos del caballo, \u201ceducando\u201d al potro.<\/p>\n<p>El trabajo se realiza primero desde el suelo, para instaurar la confianza y luego obtener el control de los movimientos del caballo. Es un proceso tan apasionante como indispensable. Demasiados caballos pagan \u2014a veces muy caro\u2014 los errores de su \u201centrenador\u201d.<\/p>\n<p>Si compras un potro reci\u00e9n destetado, deber\u00e1s encargarte t\u00fa mismo, y\/o con ayuda, de su educaci\u00f3n.<\/p>\n<p>Si compras un potro de nuestro criadero de 3 a\u00f1os o m\u00e1s, su formaci\u00f3n ya estar\u00e1 bien avanzada.<\/p>\n<p>El criollo es un caballo de desarrollo tard\u00edo: termina su crecimiento alrededor de los 5 a\u00f1os, as\u00ed que tendr\u00e1s tiempo para perfeccionar su educaci\u00f3n durante ese per\u00edodo. Entonces tendr\u00e1s un maravilloso caballo para los pr\u00f3ximos 20 a\u00f1os, garantizado.<\/p>\n<\/div>\n<\/div>\n<\/div><\/section><\/div><div  class='flex_column av-aip0a-f651239f87c5412c84ad213a70db786a av_one_third  avia-builder-el-11  el_after_av_two_third  el_before_av_hr  images-supperposees flex_column_div av-parallax-object  column-top-margin' data-parallax=\"{&quot;parallax&quot;:&quot;no_parallax&quot;,&quot;parallax_speed&quot;:&quot;no_parallax&quot;,&quot;av-desktop-parallax&quot;:&quot;bottom_top&quot;,&quot;av-desktop-parallax_speed&quot;:&quot;10&quot;,&quot;av-medium-parallax&quot;:&quot;bottom_top&quot;,&quot;av-medium-parallax_speed&quot;:&quot;10&quot;,&quot;av-small-parallax&quot;:&quot;inherit&quot;,&quot;av-small-parallax_speed&quot;:&quot;inherit&quot;,&quot;av-mini-parallax&quot;:&quot;inherit&quot;,&quot;av-mini-parallax_speed&quot;:&quot;inherit&quot;,&quot;parallax-container&quot;:&quot;.av-aip0a-f651239f87c5412c84ad213a70db786a&quot;}\"    ><p>\n<style type=\"text\/css\" data-created_by=\"avia_inline_auto\" id=\"style-css-av-m16jmjf6-08d2771ee298d66929ddbcc313163542\">\n.avia-image-container.av-m16jmjf6-08d2771ee298d66929ddbcc313163542 img.avia_image{\nbox-shadow:none;\n}\n.avia-image-container.av-m16jmjf6-08d2771ee298d66929ddbcc313163542 .av-image-caption-overlay-center{\ncolor:#ffffff;\n}\n<\/style>\n<div  class='avia-image-container av-m16jmjf6-08d2771ee298d66929ddbcc313163542 av-styling- avia_animated_image av-animated-when-visible-95 bottom-to-top avia-align-center  avia-builder-el-12  el_before_av_image  avia-builder-el-first '   itemprop=\"image\" itemscope=\"itemscope\" itemtype=\"https:\/\/schema.org\/ImageObject\" ><div class=\"avia-image-container-inner\"><div class=\"avia-image-overlay-wrap\"><img decoding=\"async\" class=\"avia_image \" src=\"https:\/\/criollosdelasrocas.fr\/wp-content\/uploads\/2024\/10\/criollos-de-las-rocas-07-400x300.webp\" alt=\"\" title=\"criollos-de-las-rocas-07\" height=\"300\" width=\"400\" itemprop=\"thumbnailUrl\"><\/div><\/div><\/div><br \/>\n\n<style type=\"text\/css\" data-created_by=\"avia_inline_auto\" id=\"style-css-av-m1am5vve-e11162e4e36b2f824aacbc46ed336396\">\n.avia-image-container.av-m1am5vve-e11162e4e36b2f824aacbc46ed336396 img.avia_image{\nbox-shadow:none;\n}\n.avia-image-container.av-m1am5vve-e11162e4e36b2f824aacbc46ed336396 .av-image-caption-overlay-center{\ncolor:#ffffff;\n}\n<\/style>\n<div  class='avia-image-container av-m1am5vve-e11162e4e36b2f824aacbc46ed336396 av-styling- avia_animated_image av-animated-when-visible-95 bottom-to-top avia-align-center  avia-builder-el-13  el_after_av_image  avia-builder-el-last '   itemprop=\"image\" itemscope=\"itemscope\" itemtype=\"https:\/\/schema.org\/ImageObject\" ><div class=\"avia-image-container-inner\"><div class=\"avia-image-overlay-wrap\"><img decoding=\"async\" class=\"avia_image \" src=\"https:\/\/criollosdelasrocas.fr\/wp-content\/uploads\/2024\/10\/criollos-de-las-rocas-13-400x300.webp\" alt=\"\" title=\"criollos-de-las-rocas-13\" height=\"300\" width=\"400\" itemprop=\"thumbnailUrl\"><\/div><\/div><\/div><\/p><\/div>\n<style type=\"text\/css\" data-created_by=\"avia_inline_auto\" id=\"style-css-av-m1amuvza-cf228a2a058f0b5e721c1b887a72803f\">\n#top .hr.hr-invisible.av-m1amuvza-cf228a2a058f0b5e721c1b887a72803f{\nheight:100px;\n}\n<\/style>\n<div  class='hr av-m1amuvza-cf228a2a058f0b5e721c1b887a72803f hr-invisible  avia-builder-el-14  el_after_av_one_third  el_before_av_one_third  av-small-hide av-mini-hide'><span class='hr-inner '><span class=\"hr-inner-style\"><\/span><\/span><\/div>\n<div class='av-column-wrapper-individual av-mobile-columns-flex av-columns-reverse'><div  class='flex_column av-cmoci-583c9d99477eb71145ed137db90bcf49 av_one_third  avia-builder-el-15  el_after_av_hr  el_before_av_two_third  images-supperposees first flex_column_div av-parallax-object  ' data-parallax=\"{&quot;parallax&quot;:&quot;no_parallax&quot;,&quot;parallax_speed&quot;:&quot;no_parallax&quot;,&quot;av-desktop-parallax&quot;:&quot;bottom_top&quot;,&quot;av-desktop-parallax_speed&quot;:&quot;10&quot;,&quot;av-medium-parallax&quot;:&quot;bottom_top&quot;,&quot;av-medium-parallax_speed&quot;:&quot;10&quot;,&quot;av-small-parallax&quot;:&quot;inherit&quot;,&quot;av-small-parallax_speed&quot;:&quot;inherit&quot;,&quot;av-mini-parallax&quot;:&quot;inherit&quot;,&quot;av-mini-parallax_speed&quot;:&quot;inherit&quot;,&quot;parallax-container&quot;:&quot;.av-cmoci-583c9d99477eb71145ed137db90bcf49&quot;}\"    >\n<style type=\"text\/css\" data-created_by=\"avia_inline_auto\" id=\"style-css-av-m1amavb3-862924df8481c7ae055f34e58e7830f3\">\n.avia-image-container.av-m1amavb3-862924df8481c7ae055f34e58e7830f3 img.avia_image{\nbox-shadow:none;\n}\n.avia-image-container.av-m1amavb3-862924df8481c7ae055f34e58e7830f3 .av-image-caption-overlay-center{\ncolor:#ffffff;\n}\n<\/style>\n<div  class='avia-image-container av-m1amavb3-862924df8481c7ae055f34e58e7830f3 av-styling- avia_animated_image av-animated-when-visible-95 bottom-to-top avia-align-center  avia-builder-el-16  avia-builder-el-no-sibling '   itemprop=\"image\" itemscope=\"itemscope\" itemtype=\"https:\/\/schema.org\/ImageObject\" ><div class=\"avia-image-container-inner\"><div class=\"avia-image-overlay-wrap\"><img decoding=\"async\" class=\"avia_image \" src=\"https:\/\/criollosdelasrocas.fr\/wp-content\/uploads\/2024\/10\/vente-chevaux-529x705.webp\" alt=\"\" title=\"vente-chevaux\" height=\"705\" width=\"529\" itemprop=\"thumbnailUrl\"><\/div><\/div><\/div><\/div><div  class='flex_column av-8h08a-2a94ebe73ea6a029f4f16a4fb0dcf54c av_two_third  avia-builder-el-17  el_after_av_one_third  avia-builder-el-last  flex_column_div  '     ><p><section  class='av_textblock_section av-m1am8sge-acfdb8ea07020c5e19fed6ba3bce802c '   itemscope=\"itemscope\" itemtype=\"https:\/\/schema.org\/CreativeWork\" ><div class='avia_textblock'  itemprop=\"text\" ><p><span style=\"text-decoration: underline;\">Una idea de los precios*<\/span><\/p>\n<p>Potros de 2 a\u00f1os: <em>entre 6.000 y 7.000 euros<\/em><br \/>\nPotros de 3 a\u00f1os \u00abdomados\u00bb: <em>entre 7.000 y 8.000 euros<\/em><br \/>\nPotros de m\u00e1s de 4 a\u00f1os: <em>entre 8.000 y 10.000 euros<\/em><\/p>\n<\/div><\/section><br \/>\n<section  class='av_textblock_section av-m1am8w39-7b8b3534dd59d813d3d1ae13e7d8896b '   itemscope=\"itemscope\" itemtype=\"https:\/\/schema.org\/CreativeWork\" ><div class='avia_textblock legende'  itemprop=\"text\" ><p><em>* Variable seg\u00fan el linaje y las aptitudes (Sin IVA, IVA del 5,5%)<\/em><\/p>\n<\/div><\/section><\/p><\/div><\/div>\n<!--close flex column wrapper. Autoclose: 1 -->","protected":false},"excerpt":{"rendered":"","protected":false},"author":1,"featured_media":0,"parent":0,"menu_order":0,"comment_status":"open","ping_status":"closed","template":"","meta":{"_acf_changed":false,"footnotes":""},"class_list":["post-1087","page","type-page","status-publish","hentry"],"acf":[],"_links":{"self":[{"href":"https:\/\/criollosdelasrocas.fr\/es\/wp-json\/wp\/v2\/pages\/1087","targetHints":{"allow":["GET"]}}],"collection":[{"href":"https:\/\/criollosdelasrocas.fr\/es\/wp-json\/wp\/v2\/pages"}],"about":[{"href":"https:\/\/criollosdelasrocas.fr\/es\/wp-json\/wp\/v2\/types\/page"}],"author":[{"embeddable":true,"href":"https:\/\/criollosdelasrocas.fr\/es\/wp-json\/wp\/v2\/users\/1"}],"replies":[{"embeddable":true,"href":"https:\/\/criollosdelasrocas.fr\/es\/wp-json\/wp\/v2\/comments?post=1087"}],"version-history":[{"count":6,"href":"https:\/\/criollosdelasrocas.fr\/es\/wp-json\/wp\/v2\/pages\/1087\/revisions"}],"predecessor-version":[{"id":1683,"href":"https:\/\/criollosdelasrocas.fr\/es\/wp-json\/wp\/v2\/pages\/1087\/revisions\/1683"}],"wp:attachment":[{"href":"https:\/\/criollosdelasrocas.fr\/es\/wp-json\/wp\/v2\/media?parent=1087"}],"curies":[{"name":"wp","href":"https:\/\/api.w.org\/{rel}","templated":true}]}}