{"id":1007,"date":"2015-07-14T14:50:10","date_gmt":"2015-07-14T12:50:10","guid":{"rendered":"https:\/\/criollosdelasrocas.fr\/accueil\/"},"modified":"2024-11-01T12:42:29","modified_gmt":"2024-11-01T11:42:29","slug":"inicio","status":"publish","type":"page","link":"https:\/\/criollosdelasrocas.fr\/es\/inicio\/","title":{"rendered":"Inicio"},"content":{"rendered":"<div id='av_section_1'  class='avia-section av-l7eex-749ee47ed331ec12c34708b34f5c2c0b main_color avia-section-small avia-no-border-styling  avia-builder-el-0  el_before_av_section  avia-builder-el-first  avia-bg-style-scroll container_wrap fullsize'  ><div class='container av-section-cont-open' ><main  role=\"main\" itemprop=\"mainContentOfPage\"  class='template-page content  av-content-full alpha units'><div class='post-entry post-entry-type-page post-entry-1007'><div class='entry-content-wrapper clearfix'>\n<div  class='flex_column av-gh6bt-062cb2d762bef6aa60049faa163a2169 av_three_fifth  avia-builder-el-1  el_before_av_three_fifth  avia-builder-el-first  image-non-parallaxe first flex_column_div  '     >\n<style type=\"text\/css\" data-created_by=\"avia_inline_auto\" id=\"style-css-av-m16jg5eb-2c069da8a96ef01fe6cf3e91f0d1d525\">\n.avia-image-container.av-m16jg5eb-2c069da8a96ef01fe6cf3e91f0d1d525 img.avia_image{\nbox-shadow:none;\n}\n.avia-image-container.av-m16jg5eb-2c069da8a96ef01fe6cf3e91f0d1d525 .av-image-caption-overlay-center{\ncolor:#ffffff;\n}\n<\/style>\n<div  class='avia-image-container av-m16jg5eb-2c069da8a96ef01fe6cf3e91f0d1d525 av-styling- avia-align-center  avia-builder-el-2  avia-builder-el-no-sibling '   itemprop=\"image\" itemscope=\"itemscope\" itemtype=\"https:\/\/schema.org\/ImageObject\" ><div class=\"avia-image-container-inner\"><div class=\"avia-image-overlay-wrap\"><img decoding=\"async\" class=\"avia_image \" src=\"https:\/\/criollosdelasrocas.fr\/wp-content\/uploads\/2024\/10\/criollos-de-las-rocas-01B-800x600.webp\" alt=\"\" title=\"criollos-de-las-rocas-01B\" height=\"600\" width=\"800\" itemprop=\"thumbnailUrl\"><\/div><\/div><\/div><\/div><div  class='flex_column av-a3h1d-f2cb030d2ae59a8e8984418219460868 av_three_fifth  avia-builder-el-3  el_after_av_three_fifth  el_before_av_one_full  image-parallaxe droite first flex_column_div av-parallax-object  ' data-parallax=\"{&quot;parallax&quot;:&quot;bottom_top&quot;,&quot;parallax_speed&quot;:&quot;16&quot;,&quot;av-desktop-parallax&quot;:&quot;inherit&quot;,&quot;av-desktop-parallax_speed&quot;:&quot;inherit&quot;,&quot;av-medium-parallax&quot;:&quot;inherit&quot;,&quot;av-medium-parallax_speed&quot;:&quot;inherit&quot;,&quot;av-small-parallax&quot;:&quot;inherit&quot;,&quot;av-small-parallax_speed&quot;:&quot;inherit&quot;,&quot;av-mini-parallax&quot;:&quot;inherit&quot;,&quot;av-mini-parallax_speed&quot;:&quot;inherit&quot;,&quot;parallax-container&quot;:&quot;.av-a3h1d-f2cb030d2ae59a8e8984418219460868&quot;}\"    >\n<style type=\"text\/css\" data-created_by=\"avia_inline_auto\" id=\"style-css-av-m16jmjf6-e693c023e0f373df8c69457451cbbf42\">\n.avia-image-container.av-m16jmjf6-e693c023e0f373df8c69457451cbbf42 img.avia_image{\nbox-shadow:none;\n}\n.avia-image-container.av-m16jmjf6-e693c023e0f373df8c69457451cbbf42 .av-image-caption-overlay-center{\ncolor:#ffffff;\n}\n<\/style>\n<div  class='avia-image-container av-m16jmjf6-e693c023e0f373df8c69457451cbbf42 av-styling- avia-align-center  avia-builder-el-4  avia-builder-el-no-sibling '   itemprop=\"image\" itemscope=\"itemscope\" itemtype=\"https:\/\/schema.org\/ImageObject\" ><div class=\"avia-image-container-inner\"><div class=\"avia-image-overlay-wrap\"><img decoding=\"async\" class=\"avia_image \" src=\"https:\/\/criollosdelasrocas.fr\/wp-content\/uploads\/2024\/10\/criollos-de-las-rocas-02-800x600.webp\" alt=\"\" title=\"criollos-de-las-rocas-02\" height=\"600\" width=\"800\" itemprop=\"thumbnailUrl\"><\/div><\/div><\/div><\/div><div  class='flex_column av-h547l-55115f2f11ede3d60d6d62f4680dcda3 av_one_full  avia-builder-el-5  el_after_av_three_fifth  avia-builder-el-last  first flex_column_div  '     ><p>\n<style type=\"text\/css\" data-created_by=\"avia_inline_auto\" id=\"style-css-av-m16karau-612cc82c3d070845ea00418f2489bcd5\">\n#top .hr.hr-invisible.av-m16karau-612cc82c3d070845ea00418f2489bcd5{\nheight:50px;\n}\n<\/style>\n<div  class='hr av-m16karau-612cc82c3d070845ea00418f2489bcd5 hr-invisible  avia-builder-el-6  el_before_av_hr  avia-builder-el-first  av-desktop-hide av-medium-hide'><span class='hr-inner '><span class=\"hr-inner-style\"><\/span><\/span><\/div><br \/>\n\n<style type=\"text\/css\" data-created_by=\"avia_inline_auto\" id=\"style-css-av-6pcfl-70245f6a3196057adc243f42c7a11eb8\">\n#top .hr.hr-invisible.av-6pcfl-70245f6a3196057adc243f42c7a11eb8{\nheight:150px;\n}\n<\/style>\n<div  class='hr av-6pcfl-70245f6a3196057adc243f42c7a11eb8 hr-invisible  avia-builder-el-7  el_after_av_hr  el_before_av_hr  av-desktop-hide av-small-hide av-mini-hide'><span class='hr-inner '><span class=\"hr-inner-style\"><\/span><\/span><\/div><br \/>\n\n<style type=\"text\/css\" data-created_by=\"avia_inline_auto\" id=\"style-css-av-m18453ds-e7b6b01031c4a115abdb2c6528a5f1fc\">\n#top .hr.hr-invisible.av-m18453ds-e7b6b01031c4a115abdb2c6528a5f1fc{\nheight:200px;\n}\n<\/style>\n<div  class='hr av-m18453ds-e7b6b01031c4a115abdb2c6528a5f1fc hr-invisible  avia-builder-el-8  el_after_av_hr  el_before_av_textblock  av-medium-hide av-small-hide av-mini-hide'><span class='hr-inner '><span class=\"hr-inner-style\"><\/span><\/span><\/div><br \/>\n<section  class='av_textblock_section av-m16k3ibp-37476190c8bcdb7ee65529620d04983d '   itemscope=\"itemscope\" itemtype=\"https:\/\/schema.org\/CreativeWork\" ><div class='avia_textblock citation'  itemprop=\"text\" ><blockquote>\n<p style=\"text-align: center;\">\u00abYo tengo tantos hermanos que no los puedo contar. Gente de mano caliente por eso de la amistad, con uno lloro, pa&#8217; llorarlo, con uno rezo pa&#8217; rezar. Con un horizonte abierto que siempre est\u00e1 m\u00e1s all\u00e1. Y esa fuerza pa buscarlo con tes\u00f3n y voluntad.\u00bb<\/p>\n<\/blockquote>\n<p style=\"text-align: center;\"><em>Los hermanos<\/em> de A. Yupanki<\/p>\n<\/div><\/section><\/p><\/div><\/div><\/div><\/main>\n<!-- close content main element -->\n<\/div><\/div><div id='chevaux'  class='avia-section av-m1ast0kz-5cd5b1416c3eb3f2c38074eee8abea9c main_color avia-section-default avia-no-border-styling  avia-builder-el-10  el_after_av_section  avia-builder-el-last  avia-bg-style-scroll container_wrap fullsize'  ><div class='container av-section-cont-open' ><div class='template-page content  av-content-full alpha units'><div class='post-entry post-entry-type-page post-entry-1007'><div class='entry-content-wrapper clearfix'>\n\n<style type=\"text\/css\" data-created_by=\"avia_inline_auto\" id=\"style-css-av-skkpl-3665d63001bbc4f7af5cc3aaa80be859\">\n#top .flex_column.av-skkpl-3665d63001bbc4f7af5cc3aaa80be859{\nmargin-top:0px;\nmargin-bottom:3%;\n}\n.responsive #top #wrap_all .flex_column.av-skkpl-3665d63001bbc4f7af5cc3aaa80be859{\nmargin-top:0px;\nmargin-bottom:3%;\n}\n<\/style>\n<div  class='flex_column av-skkpl-3665d63001bbc4f7af5cc3aaa80be859 av_one_full  avia-builder-el-11  el_before_av_one_half  avia-builder-el-first  first flex_column_div av-animated-generic bottom-to-top  '     ><section  class='av_textblock_section av-n7p1d-8e0c9d593599a9731ec37a269c3dce9b '   itemscope=\"itemscope\" itemtype=\"https:\/\/schema.org\/CreativeWork\" ><div class='avia_textblock'  itemprop=\"text\" >\n<\/div><\/section><\/div>\n<style type=\"text\/css\" data-created_by=\"avia_inline_auto\" id=\"style-css-av-5x4h-d48529bc2e8172bb8abbfedec0ce80e4\">\n#top .flex_column.av-5x4h-d48529bc2e8172bb8abbfedec0ce80e4{\nmargin-top:0px;\nmargin-bottom:3%;\n}\n.flex_column.av-5x4h-d48529bc2e8172bb8abbfedec0ce80e4{\nwidth:48.5%;\n}\n.responsive #top #wrap_all .flex_column.av-5x4h-d48529bc2e8172bb8abbfedec0ce80e4{\nmargin-top:0px;\nmargin-bottom:3%;\n}\n<\/style>\n<div  class='flex_column av-5x4h-d48529bc2e8172bb8abbfedec0ce80e4 av_one_half  avia-builder-el-13  el_after_av_one_full  el_before_av_one_half  first flex_column_div av-animated-generic bottom-to-top  column-top-margin'     ><section  class='av_textblock_section av-m1asu9gg-50d11b90726a27903b0c119f5ead2055 '   itemscope=\"itemscope\" itemtype=\"https:\/\/schema.org\/CreativeWork\" ><div class='avia_textblock'  itemprop=\"text\" >\n<\/div><\/section><\/div>\n<style type=\"text\/css\" data-created_by=\"avia_inline_auto\" id=\"style-css-av-yd1l-eb3a3ba007df01f14a8652625932ea85\">\n#top .flex_column.av-yd1l-eb3a3ba007df01f14a8652625932ea85{\nmargin-top:0px;\nmargin-bottom:3%;\n}\n.flex_column.av-yd1l-eb3a3ba007df01f14a8652625932ea85{\nwidth:48.5%;\nmargin-left:3%;\n}\n.responsive #top #wrap_all .flex_column.av-yd1l-eb3a3ba007df01f14a8652625932ea85{\nmargin-top:0px;\nmargin-bottom:3%;\n}\n<\/style>\n<div  class='flex_column av-yd1l-eb3a3ba007df01f14a8652625932ea85 av_one_half  avia-builder-el-15  el_after_av_one_half  avia-builder-el-last  flex_column_div av-animated-generic bottom-to-top  column-top-margin'     ><section  class='av_textblock_section av-m1astjbb-b8564028c017511c2f3627ebace09030 '   itemscope=\"itemscope\" itemtype=\"https:\/\/schema.org\/CreativeWork\" ><div class='avia_textblock'  itemprop=\"text\" >\n<\/div><\/section><\/div>\n<\/p>","protected":false},"excerpt":{"rendered":"","protected":false},"author":1,"featured_media":0,"parent":0,"menu_order":0,"comment_status":"open","ping_status":"closed","template":"","meta":{"_acf_changed":false,"footnotes":""},"class_list":["post-1007","page","type-page","status-publish","hentry"],"acf":[],"_links":{"self":[{"href":"https:\/\/criollosdelasrocas.fr\/es\/wp-json\/wp\/v2\/pages\/1007","targetHints":{"allow":["GET"]}}],"collection":[{"href":"https:\/\/criollosdelasrocas.fr\/es\/wp-json\/wp\/v2\/pages"}],"about":[{"href":"https:\/\/criollosdelasrocas.fr\/es\/wp-json\/wp\/v2\/types\/page"}],"author":[{"embeddable":true,"href":"https:\/\/criollosdelasrocas.fr\/es\/wp-json\/wp\/v2\/users\/1"}],"replies":[{"embeddable":true,"href":"https:\/\/criollosdelasrocas.fr\/es\/wp-json\/wp\/v2\/comments?post=1007"}],"version-history":[{"count":3,"href":"https:\/\/criollosdelasrocas.fr\/es\/wp-json\/wp\/v2\/pages\/1007\/revisions"}],"predecessor-version":[{"id":1163,"href":"https:\/\/criollosdelasrocas.fr\/es\/wp-json\/wp\/v2\/pages\/1007\/revisions\/1163"}],"wp:attachment":[{"href":"https:\/\/criollosdelasrocas.fr\/es\/wp-json\/wp\/v2\/media?parent=1007"}],"curies":[{"name":"wp","href":"https:\/\/api.w.org\/{rel}","templated":true}]}}